{"id":500,"date":"2024-11-03T19:38:39","date_gmt":"2024-11-03T18:38:39","guid":{"rendered":"http:\/\/sabinepousset.com\/?page_id=500"},"modified":"2025-01-31T13:33:26","modified_gmt":"2025-01-31T12:33:26","slug":"2021-2022","status":"publish","type":"page","link":"https:\/\/sabinepousset.com\/index.php\/2021-2022\/","title":{"rendered":"2021-2022"},"content":{"rendered":"\n<h2 class=\"wp-block-heading has-black-color has-text-color has-link-color wp-elements-a935ebad946572936fcc7baf550df33b\">Musique de chambre<\/h2>\n\n\n\n<p>R\u00e9cital fl\u00fbte, hautbois, saxophone, chant et piano<\/p>\n\n\n\n<p>Jean-Philippe Rameau &#8211; Maurice Ravel &#8211; Francis Poulenc <\/p>\n\n\n\n<p>Fl\u00fbte: Lucille-B\u00e9n\u00e9dicte Zeitoun &amp; Sissela Sj\u00f6gren, Hautbois:  Victor Sj\u00f6gren, Saxophone: Anna Johansen, chant: Anna Sj\u00f6gren<\/p>\n\n\n\n<p class=\"has-text-align-center\"><strong>6 aout 2022, 18h et 20h<\/strong><\/p>\n\n\n\n<p class=\"has-text-align-center\">Chapelle de Tresseroux<\/p>\n\n\n\n<p class=\"has-text-align-center\">24400 Les L\u00e8ches<\/p>\n\n\n\n<h2 class=\"wp-block-heading has-black-color has-text-color has-link-color wp-elements-9e7c65499c127e41c493cb8aa080a504\">Fantaisie de Schumann<\/h2>\n\n\n\n<p>R\u00e9cital piano<\/p>\n\n\n\n<p>Robert Schumann<\/p>\n\n\n\n<p class=\"has-text-align-center\"><strong>15 juillet 2022, 20h00<\/strong><\/p>\n\n\n\n<p class=\"has-text-align-center\">H\u00f4tel Tatfi<\/p>\n\n\n\n<p class=\"has-text-align-center\">Ouirgane, Maroc<\/p>\n\n\n\n<h2 class=\"wp-block-heading has-black-color has-text-color has-link-color wp-elements-e6a654104e4cb7b59e5ee5eaec69f53d\">\u00c9chos<\/h2>\n\n\n\n<p>\u00c9mission<\/p>\n\n\n\n<p>Visite d&rsquo;une ville via ses musiques en 10 \u00e9pisodes<\/p>\n\n\n\n<p class=\"has-text-align-center\"><strong>De septembre 2021 \u00e0 juin 2022<\/strong><\/p>\n\n\n\n<p class=\"has-text-align-center\">Radio Rocher<\/p>\n\n\n\n<p class=\"has-text-align-center\">2000 Neuch\u00e2tel, Suisse<\/p>\n\n\n\n<p class=\"has-text-align-center has-luminous-vivid-amber-color has-text-color has-link-color wp-elements-a4b00acacd5ec3b2159cdfa77bc94dd7\"><a href=\"https:\/\/www.radio-rocher.ch\/\">\u00c9couter<\/a><\/p>\n","protected":false},"excerpt":{"rendered":"<p>Musique de chambre R\u00e9cital fl\u00fbte, hautbois, saxophone, chant et piano Jean-Philippe Rameau &#8211; Maurice Ravel &#8211; Francis Poulenc Fl\u00fbte: Lucille-B\u00e9n\u00e9dicte Zeitoun &amp; Sissela Sj\u00f6gren, Hautbois: Victor Sj\u00f6gren, Saxophone: Anna Johansen, chant: Anna Sj\u00f6gren 6 aout 2022, 18h et 20h Chapelle de Tresseroux 24400 Les L\u00e8ches Fantaisie de Schumann R\u00e9cital piano Robert Schumann 15 juillet 2022, &hellip; <\/p>\n<p class=\"link-more\"><a href=\"https:\/\/sabinepousset.com\/index.php\/2021-2022\/\" class=\"more-link\">Continuer la lecture<span class=\"screen-reader-text\"> de &laquo;&nbsp;2021-2022&nbsp;&raquo;<\/span><\/a><\/p>\n","protected":false},"author":1,"featured_media":0,"parent":0,"menu_order":0,"comment_status":"closed","ping_status":"closed","template":"","meta":{"footnotes":""},"_links":{"self":[{"href":"https:\/\/sabinepousset.com\/index.php\/wp-json\/wp\/v2\/pages\/500"}],"collection":[{"href":"https:\/\/sabinepousset.com\/index.php\/wp-json\/wp\/v2\/pages"}],"about":[{"href":"https:\/\/sabinepousset.com\/index.php\/wp-json\/wp\/v2\/types\/page"}],"author":[{"embeddable":true,"href":"https:\/\/sabinepousset.com\/index.php\/wp-json\/wp\/v2\/users\/1"}],"replies":[{"embeddable":true,"href":"https:\/\/sabinepousset.com\/index.php\/wp-json\/wp\/v2\/comments?post=500"}],"version-history":[{"count":9,"href":"https:\/\/sabinepousset.com\/index.php\/wp-json\/wp\/v2\/pages\/500\/revisions"}],"predecessor-version":[{"id":536,"href":"https:\/\/sabinepousset.com\/index.php\/wp-json\/wp\/v2\/pages\/500\/revisions\/536"}],"wp:attachment":[{"href":"https:\/\/sabinepousset.com\/index.php\/wp-json\/wp\/v2\/media?parent=500"}],"curies":[{"name":"wp","href":"https:\/\/api.w.org\/{rel}","templated":true}]}}