{"id":523,"date":"2025-01-10T16:20:59","date_gmt":"2025-01-10T15:20:59","guid":{"rendered":"http:\/\/sabinepousset.com\/?page_id=523"},"modified":"2025-05-11T13:36:31","modified_gmt":"2025-05-11T11:36:31","slug":"2024-2025","status":"publish","type":"page","link":"https:\/\/sabinepousset.com\/index.php\/2024-2025\/","title":{"rendered":"2024-2025"},"content":{"rendered":"\n<h2 class=\"wp-block-heading\">Du Nord au Sud de l&rsquo;Am\u00e9rique<\/h2>\n\n\n\n<p class=\"has-text-align-left\">R\u00e9cital clarinette et piano<\/p>\n\n\n\n<p class=\"has-text-align-left\">Aaron Copland \u2013 George Gershwin \u2013 Carlos Guastavino \u2013 Arturo M\u00e1rquez<\/p>\n\n\n\n<p class=\"has-text-align-left\">Clarinette: Juan \u00c1ngel Ju\u00e1rez Sandoval<\/p>\n\n\n\n<p class=\"has-text-align-center\"><strong>28 septembre 2024<\/strong>, <strong>20h30<\/strong><\/p>\n\n\n\n<p class=\"has-text-align-center\">Centre culturel du Plessis<\/p>\n\n\n\n<p class=\"has-text-align-center\">78117 Toussus le Noble<\/p>\n\n\n\n<p class=\"has-text-align-center has-luminous-vivid-amber-color has-text-color has-link-color wp-elements-2a593bf99e740a97bae8d956be4a1543\"><a href=\"https:\/\/www.mairie-toussus.fr\/evenements\/concern-du-nord-au-sud-de-l-amerique\">R\u00e9servation<\/a><\/p>\n\n\n\n<p class=\"has-text-align-center\"><strong>15 octobre 2024<\/strong>, <strong>20h00<\/strong><\/p>\n\n\n\n<p class=\"has-text-align-center\">Les Nocturnes de Laude<\/p>\n\n\n\n<p class=\"has-text-align-center\">75014 Paris<\/p>\n\n\n\n<p class=\"has-text-align-center has-luminous-vivid-amber-color has-text-color has-link-color wp-elements-bedb247ced93eb0ce39a48afff98556e\"><a href=\"https:\/\/lesnocturnedelaude.fr\/concerts\/du-nord-au-sud-de-lamerique\/\">R\u00e9servation<\/a><\/p>\n\n\n\n<p><\/p>\n\n\n\n<h2 class=\"wp-block-heading\">Annie<\/h2>\n\n\n\n<p>Com\u00e9die musicale<\/p>\n\n\n\n<p>Musique de Charles Strouse<\/p>\n\n\n\n<p>Distribution: Drama Club du coll\u00e8ge lyc\u00e9e Notre Dame de Saint-Germain-en-Laye<\/p>\n\n\n\n<p class=\"has-text-align-center\"><strong>21, 22, 23 &amp; 24 mai 2025, 20h00<\/strong><\/p>\n\n\n\n<p class=\"has-text-align-center\">Th\u00e9\u00e2tre Campan<\/p>\n\n\n\n<p class=\"has-text-align-center\">Boulevard de la paix, 78100 Saint-Germain-en-Laye<\/p>\n\n\n\n<p class=\"has-text-align-center has-luminous-vivid-amber-color has-text-color has-link-color wp-elements-64cb0c0270c4ee4a5e9d400ae70abe44\"><a href=\"https:\/\/www.helloasso.com\/associations\/maison-campan\/evenements\/drama-club-2025-annie\">R\u00e9servation<\/a><\/p>\n\n\n\n<p><\/p>\n\n\n\n<h2 class=\"wp-block-heading\">Quintette avec piano de Schumann<\/h2>\n\n\n\n<p>R\u00e9cital quatuor \u00e0 cordes et piano<\/p>\n\n\n\n<p>Robert Schumann<\/p>\n\n\n\n<p class=\"has-text-align-left\">Quatuor Lugha<\/p>\n\n\n\n<p class=\"has-text-align-center\"><strong>29 juin 2025, 16h00<\/strong><\/p>\n\n\n\n<p class=\"has-text-align-center\">Chapelle Lariboisi\u00e8re<\/p>\n\n\n\n<p class=\"has-text-align-center\">2 rue Ambroise Par\u00e9, 75010 Paris<\/p>\n","protected":false},"excerpt":{"rendered":"<p>Du Nord au Sud de l&rsquo;Am\u00e9rique R\u00e9cital clarinette et piano Aaron Copland \u2013 George Gershwin \u2013 Carlos Guastavino \u2013 Arturo M\u00e1rquez Clarinette: Juan \u00c1ngel Ju\u00e1rez Sandoval 28 septembre 2024, 20h30 Centre culturel du Plessis 78117 Toussus le Noble R\u00e9servation 15 octobre 2024, 20h00 Les Nocturnes de Laude 75014 Paris R\u00e9servation Annie Com\u00e9die musicale Musique de &hellip; <\/p>\n<p class=\"link-more\"><a href=\"https:\/\/sabinepousset.com\/index.php\/2024-2025\/\" class=\"more-link\">Continuer la lecture<span class=\"screen-reader-text\"> de &laquo;&nbsp;2024-2025&nbsp;&raquo;<\/span><\/a><\/p>\n","protected":false},"author":1,"featured_media":0,"parent":0,"menu_order":0,"comment_status":"closed","ping_status":"closed","template":"","meta":{"footnotes":""},"_links":{"self":[{"href":"https:\/\/sabinepousset.com\/index.php\/wp-json\/wp\/v2\/pages\/523"}],"collection":[{"href":"https:\/\/sabinepousset.com\/index.php\/wp-json\/wp\/v2\/pages"}],"about":[{"href":"https:\/\/sabinepousset.com\/index.php\/wp-json\/wp\/v2\/types\/page"}],"author":[{"embeddable":true,"href":"https:\/\/sabinepousset.com\/index.php\/wp-json\/wp\/v2\/users\/1"}],"replies":[{"embeddable":true,"href":"https:\/\/sabinepousset.com\/index.php\/wp-json\/wp\/v2\/comments?post=523"}],"version-history":[{"count":6,"href":"https:\/\/sabinepousset.com\/index.php\/wp-json\/wp\/v2\/pages\/523\/revisions"}],"predecessor-version":[{"id":578,"href":"https:\/\/sabinepousset.com\/index.php\/wp-json\/wp\/v2\/pages\/523\/revisions\/578"}],"wp:attachment":[{"href":"https:\/\/sabinepousset.com\/index.php\/wp-json\/wp\/v2\/media?parent=523"}],"curies":[{"name":"wp","href":"https:\/\/api.w.org\/{rel}","templated":true}]}}