{"id":57,"date":"2020-12-13T16:00:58","date_gmt":"2020-12-13T15:00:58","guid":{"rendered":"http:\/\/sabinepousset.com\/?page_id=57"},"modified":"2025-09-22T11:58:24","modified_gmt":"2025-09-22T09:58:24","slug":"biographie","status":"publish","type":"page","link":"https:\/\/sabinepousset.com\/index.php\/biographie\/","title":{"rendered":"Biographie"},"content":{"rendered":"\n<p>Pianiste concertiste, la personnalit\u00e9 musicale de Sabine Pousset se r\u00e9v\u00e8le \u00e0 travers des r\u00e9citals en France, Suisse, Italie et Maroc pr\u00e9sentant des programmes allant de Bach \u00e0 la musique contemporaine. Parmis les moments forts, citons les associations avec l&rsquo;orchestre Musique des Lumi\u00e8res et l&rsquo;orchestre de la Haute \u00c9cole de Musique de Gen\u00e8ve en tant que soliste de concertos de Mozart et de Ravel. Elle est par ailleurs une chambriste recherch\u00e9e depuis une interpr\u00e9tation du quintette de Chostakovitch au festival <em>Schubertiade sur la Colline<\/em> en Suisse en 2014.<\/p>\n\n\n\n<p>Apr\u00e8s une formation au Conservatoire \u00e0 Rayonnement R\u00e9gional de Versailles avec Fran\u00e7ois Chaplin elle int\u00e8gre la Haute \u00c9cole de Musique de Gen\u00e8ve. Elle b\u00e9n\u00e9ficie de l&rsquo;enseignement de Marc Pantillon, Gottlieb Wallisch et Fabrizio Chiovetta et est dipl\u00f4m\u00e9e avec distinction en 2016 et 2018 des masters de concert et de p\u00e9dagogie. Soutenue par la fondation Hirschmann, elle affine son travail en masterclasse avec des musiciens \u00e9minents tels que Menahem Pressler, Stephen Kovacevich, Anne Queff\u00e9lec, Alain Plan\u00e8s, P\u00e9ter Nagy, Bj\u00f6rn Lehmann ou P\u00e9ter Csaba.<\/p>\n\n\n\n<p>Sabine Pousset rejoint les \u00e9quipes p\u00e9dagogiques du conservatoire d\u2019Igny (Paris-Saclay) en 2018 et du conservatoire Debussy (Paris 17\u00e8me) en 2023 et accompagne de nombreux projets avec ch\u0153ur, danse et th\u00e9\u00e2tre.<\/p>\n\n\n\n<p><\/p>\n\n\n\n<p><\/p>\n\n\n\n<p><\/p>\n\n\n\n<p><\/p>\n\n\n\n<p><\/p>\n\n\n\n<p><\/p>\n\n\n\n<p><\/p>\n\n\n\n<p><\/p>\n\n\n\n<p><\/p>\n\n\n\n<p><\/p>\n\n\n\n<p><\/p>\n","protected":false},"excerpt":{"rendered":"<p>Pianiste concertiste, la personnalit\u00e9 musicale de Sabine Pousset se r\u00e9v\u00e8le \u00e0 travers des r\u00e9citals en France, Suisse, Italie et Maroc pr\u00e9sentant des programmes allant de Bach \u00e0 la musique contemporaine. Parmis les moments forts, citons les associations avec l&rsquo;orchestre Musique des Lumi\u00e8res et l&rsquo;orchestre de la Haute \u00c9cole de Musique de Gen\u00e8ve en tant que &hellip; <\/p>\n<p class=\"link-more\"><a href=\"https:\/\/sabinepousset.com\/index.php\/biographie\/\" class=\"more-link\">Continuer la lecture<span class=\"screen-reader-text\"> de &laquo;&nbsp;Biographie&nbsp;&raquo;<\/span><\/a><\/p>\n","protected":false},"author":1,"featured_media":0,"parent":0,"menu_order":0,"comment_status":"closed","ping_status":"closed","template":"","meta":{"footnotes":""},"_links":{"self":[{"href":"https:\/\/sabinepousset.com\/index.php\/wp-json\/wp\/v2\/pages\/57"}],"collection":[{"href":"https:\/\/sabinepousset.com\/index.php\/wp-json\/wp\/v2\/pages"}],"about":[{"href":"https:\/\/sabinepousset.com\/index.php\/wp-json\/wp\/v2\/types\/page"}],"author":[{"embeddable":true,"href":"https:\/\/sabinepousset.com\/index.php\/wp-json\/wp\/v2\/users\/1"}],"replies":[{"embeddable":true,"href":"https:\/\/sabinepousset.com\/index.php\/wp-json\/wp\/v2\/comments?post=57"}],"version-history":[{"count":75,"href":"https:\/\/sabinepousset.com\/index.php\/wp-json\/wp\/v2\/pages\/57\/revisions"}],"predecessor-version":[{"id":597,"href":"https:\/\/sabinepousset.com\/index.php\/wp-json\/wp\/v2\/pages\/57\/revisions\/597"}],"wp:attachment":[{"href":"https:\/\/sabinepousset.com\/index.php\/wp-json\/wp\/v2\/media?parent=57"}],"curies":[{"name":"wp","href":"https:\/\/api.w.org\/{rel}","templated":true}]}}